{"id":18,"date":"2020-03-29T11:18:07","date_gmt":"2020-03-29T10:18:07","guid":{"rendered":"https:\/\/www.weinerlebenczipin.at\/wp_test\/?page_id=18"},"modified":"2022-10-22T10:50:07","modified_gmt":"2022-10-22T09:50:07","slug":"impressum","status":"publish","type":"page","link":"https:\/\/www.weinerlebenczipin.at\/wpc\/impressum\/","title":{"rendered":"Kontakt"},"content":{"rendered":"\t\t<div data-elementor-type=\"wp-page\" data-elementor-id=\"18\" class=\"elementor elementor-18\">\n\t\t\t\t\t\t<div class=\"elementor-inner\">\n\t\t\t\t<div class=\"elementor-section-wrap\">\n\t\t\t\t\t\t\t\t\t<section class=\"elementor-section elementor-top-section elementor-element elementor-element-2fdad0c6 elementor-section-content-middle elementor-section-boxed elementor-section-height-default elementor-section-height-default\" data-id=\"2fdad0c6\" data-element_type=\"section\">\n\t\t\t\t\t\t<div class=\"elementor-container elementor-column-gap-no\">\n\t\t\t\t\t\t\t<div class=\"elementor-row\">\n\t\t\t\t\t<div class=\"elementor-column elementor-col-100 elementor-top-column elementor-element elementor-element-6e26f2e9\" data-id=\"6e26f2e9\" data-element_type=\"column\">\n\t\t\t<div class=\"elementor-column-wrap elementor-element-populated\">\n\t\t\t\t\t\t\t<div class=\"elementor-widget-wrap\">\n\t\t\t\t\t\t<div class=\"elementor-element elementor-element-1f2d8179 elementor-widget elementor-widget-heading\" data-id=\"1f2d8179\" data-element_type=\"widget\" data-widget_type=\"heading.default\">\n\t\t\t\t<div class=\"elementor-widget-container\">\n\t\t\t<h6 class=\"elementor-heading-title elementor-size-default\">Kontakt<\/h6>\t\t<\/div>\n\t\t\t\t<\/div>\n\t\t\t\t<div class=\"elementor-element elementor-element-c7a8a04 elementor-widget elementor-widget-heading\" data-id=\"c7a8a04\" data-element_type=\"widget\" data-widget_type=\"heading.default\">\n\t\t\t\t<div class=\"elementor-widget-container\">\n\t\t\t<h2 class=\"elementor-heading-title elementor-size-default\">WEINerLEBEN<br> Andrea und Leonhard Czipin <br>Kirchengasse 9<br>A-3552 Stratzing <\/h2>\t\t<\/div>\n\t\t\t\t<\/div>\n\t\t\t\t<div class=\"elementor-element elementor-element-70fb96b elementor-widget elementor-widget-heading\" data-id=\"70fb96b\" data-element_type=\"widget\" data-widget_type=\"heading.default\">\n\t\t\t\t<div class=\"elementor-widget-container\">\n\t\t\t<h2 class=\"elementor-heading-title elementor-size-default\">Tel: 0043- 2719- 2848<br>Mobil: 0043- 676- 350 88 70 <br>info@weinerlebenczipin.at<br><\/h2>\t\t<\/div>\n\t\t\t\t<\/div>\n\t\t\t\t<div class=\"elementor-element elementor-element-8512188 elementor-widget elementor-widget-heading\" data-id=\"8512188\" data-element_type=\"widget\" data-widget_type=\"heading.default\">\n\t\t\t\t<div class=\"elementor-widget-container\">\n\t\t\t<h2 class=\"elementor-heading-title elementor-size-default\"><span style=\"font-size:14px\"><strong> Ab- Hof - Verkauf<\/strong><br> Bitte um telefonische Vereinbarung!  <br> Wir liefern auf Wunsch auch pers\u00f6nlich oder per Versand zu Ihnen nach Hause!<br><br><\/span><span style=\"font-size:14px\">Bankverbindung <br><br>Raiffeisenbank Krems<br> IBAN: AT74 3239 7000 0100 0231<br> BIC: RLN WAT WW KRE<br>  <br> UID: ATU 68441803<\/span><br><br><\/h2>\t\t<\/div>\n\t\t\t\t<\/div>\n\t\t\t\t<section class=\"elementor-section elementor-inner-section elementor-element elementor-element-a5d60e9 elementor-section-boxed elementor-section-height-default elementor-section-height-default\" data-id=\"a5d60e9\" data-element_type=\"section\">\n\t\t\t\t\t\t<div class=\"elementor-container elementor-column-gap-default\">\n\t\t\t\t\t\t\t<div class=\"elementor-row\">\n\t\t\t\t\t<div class=\"elementor-column elementor-col-50 elementor-inner-column elementor-element elementor-element-42f661d\" data-id=\"42f661d\" data-element_type=\"column\">\n\t\t\t<div class=\"elementor-column-wrap elementor-element-populated\">\n\t\t\t\t\t\t\t<div class=\"elementor-widget-wrap\">\n\t\t\t\t\t\t<div class=\"elementor-element elementor-element-fc84d18 elementor-view-default elementor-widget elementor-widget-icon\" data-id=\"fc84d18\" data-element_type=\"widget\" data-widget_type=\"icon.default\">\n\t\t\t\t<div class=\"elementor-widget-container\">\n\t\t\t\t\t<div class=\"elementor-icon-wrapper\">\n\t\t\t<a class=\"elementor-icon\" href=\"https:\/\/www.facebook.com\/weinerlebenczipin\">\n\t\t\t<i aria-hidden=\"true\" class=\"fab fa-facebook-square\"><\/i>\t\t\t<\/a>\n\t\t<\/div>\n\t\t\t\t<\/div>\n\t\t\t\t<\/div>\n\t\t\t\t\t\t<\/div>\n\t\t\t\t\t<\/div>\n\t\t<\/div>\n\t\t\t\t<div class=\"elementor-column elementor-col-50 elementor-inner-column elementor-element elementor-element-c9bab0c\" data-id=\"c9bab0c\" data-element_type=\"column\">\n\t\t\t<div class=\"elementor-column-wrap elementor-element-populated\">\n\t\t\t\t\t\t\t<div class=\"elementor-widget-wrap\">\n\t\t\t\t\t\t<div class=\"elementor-element elementor-element-78e8c40 elementor-view-default elementor-widget elementor-widget-icon\" data-id=\"78e8c40\" data-element_type=\"widget\" data-widget_type=\"icon.default\">\n\t\t\t\t<div class=\"elementor-widget-container\">\n\t\t\t\t\t<div class=\"elementor-icon-wrapper\">\n\t\t\t<a class=\"elementor-icon elementor-animation-grow\" href=\"https:\/\/www.instagram.com\/weinerleben_czipin\/\" target=\"_blank\">\n\t\t\t<i aria-hidden=\"true\" class=\"fab fa-instagram\"><\/i>\t\t\t<\/a>\n\t\t<\/div>\n\t\t\t\t<\/div>\n\t\t\t\t<\/div>\n\t\t\t\t\t\t<\/div>\n\t\t\t\t\t<\/div>\n\t\t<\/div>\n\t\t\t\t\t\t\t\t<\/div>\n\t\t\t\t\t<\/div>\n\t\t<\/section>\n\t\t\t\t<div class=\"elementor-element elementor-element-38a2d5a0 elementor-widget elementor-widget-google_maps\" data-id=\"38a2d5a0\" data-element_type=\"widget\" data-widget_type=\"google_maps.default\">\n\t\t\t\t<div class=\"elementor-widget-container\">\n\t\t\t\t\t<div class=\"elementor-custom-embed\">\n\t\t\t<iframe frameborder=\"0\" scrolling=\"no\" marginheight=\"0\" marginwidth=\"0\"\n\t\t\t\t\tsrc=\"https:\/\/maps.google.com\/maps?q=Stratzing%2C%20Kirchengasse%209&#038;t=m&#038;z=11&#038;output=embed&#038;iwloc=near\"\n\t\t\t\t\ttitle=\"Stratzing, Kirchengasse 9\"\n\t\t\t\t\taria-label=\"Stratzing, Kirchengasse 9\"\n\t\t\t><\/iframe>\n\t\t<\/div>\n\t\t\t\t<\/div>\n\t\t\t\t<\/div>\n\t\t\t\t\t\t<\/div>\n\t\t\t\t\t<\/div>\n\t\t<\/div>\n\t\t\t\t\t\t\t\t<\/div>\n\t\t\t\t\t<\/div>\n\t\t<\/section>\n\t\t\t\t<section class=\"elementor-section elementor-top-section elementor-element elementor-element-bf0297f elementor-section-boxed elementor-section-height-default elementor-section-height-default\" data-id=\"bf0297f\" data-element_type=\"section\">\n\t\t\t\t\t\t<div class=\"elementor-container elementor-column-gap-default\">\n\t\t\t\t\t\t\t<div class=\"elementor-row\">\n\t\t\t\t\t<div class=\"elementor-column elementor-col-100 elementor-top-column elementor-element elementor-element-7b06521\" data-id=\"7b06521\" data-element_type=\"column\">\n\t\t\t<div class=\"elementor-column-wrap elementor-element-populated\">\n\t\t\t\t\t\t\t<div class=\"elementor-widget-wrap\">\n\t\t\t\t\t\t<div class=\"elementor-element elementor-element-c340ac7 elementor-widget elementor-widget-text-editor\" data-id=\"c340ac7\" data-element_type=\"widget\" data-widget_type=\"text-editor.default\">\n\t\t\t\t<div class=\"elementor-widget-container\">\n\t\t\t\t\t\t\t\t<div class=\"elementor-text-editor elementor-clearfix\">\n\t\t\t\t<p><u>IMPRESSUM<\/u><\/p><p><u>F\u00fcr den Inhalt verantwortlich:<\/u><br \/>WEINerLEBEN Czipin<br \/>Kirchengasse 9<br \/>A-3552 Stratzing<br \/>Telefon: +43 (0)2719 \/ 2848<br \/>Mobil: +43 (0)676 \/ 3508870<br \/>E-Mail: <a href=\"mailto:info@weinerlebenczipin.at\">info@weinerlebenczipin.at<\/a><br \/>Internet: www.weinerlebenczipin.at<br \/><br \/><u>Haftungshinweis:<\/u><br \/>Trotz sorgf\u00e4ltiger inhaltlicher Kontrolle \u00fcbernehmen wir keine Haftung f\u00fcr die Inhalte externer Links. F\u00fcr den Inhalt der verlinkten Seiten sind ausschlie\u00dflich deren Betreiber verantwortlich.<br \/><br \/><u>Fotos:<\/u><br \/>Copyright und ausschlie\u00dflich f\u00fcr diese Website zur Verf\u00fcgung gestellt von WEINerLEBEN Czipin.<\/p>\t\t\t\t\t<\/div>\n\t\t\t\t\t\t<\/div>\n\t\t\t\t<\/div>\n\t\t\t\t\t\t<\/div>\n\t\t\t\t\t<\/div>\n\t\t<\/div>\n\t\t\t\t\t\t\t\t<\/div>\n\t\t\t\t\t<\/div>\n\t\t<\/section>\n\t\t\t\t\t\t\t\t\t<\/div>\n\t\t\t<\/div>\n\t\t\t\t\t<\/div>\n\t\t","protected":false},"excerpt":{"rendered":"<p>Kontakt WEINerLEBEN Andrea und Leonhard Czipin Kirchengasse 9A-3552 Stratzing Tel: 0043- 2719- 2848Mobil: 0043- 676- 350 88 70 info@weinerlebenczipin.at Ab- Hof &#8211; Verkauf Bitte um telefonische Vereinbarung! Wir liefern auf Wunsch auch pers\u00f6nlich oder per Versand zu Ihnen nach Hause! Bankverbindung Raiffeisenbank Krems IBAN: AT74 3239 7000 0100 0231 BIC: RLN WAT WW KRE UID: [&hellip;]<\/p>\n","protected":false},"author":1,"featured_media":0,"parent":0,"menu_order":0,"comment_status":"closed","ping_status":"closed","template":"","meta":[],"_links":{"self":[{"href":"https:\/\/www.weinerlebenczipin.at\/wpc\/wp-json\/wp\/v2\/pages\/18"}],"collection":[{"href":"https:\/\/www.weinerlebenczipin.at\/wpc\/wp-json\/wp\/v2\/pages"}],"about":[{"href":"https:\/\/www.weinerlebenczipin.at\/wpc\/wp-json\/wp\/v2\/types\/page"}],"author":[{"embeddable":true,"href":"https:\/\/www.weinerlebenczipin.at\/wpc\/wp-json\/wp\/v2\/users\/1"}],"replies":[{"embeddable":true,"href":"https:\/\/www.weinerlebenczipin.at\/wpc\/wp-json\/wp\/v2\/comments?post=18"}],"version-history":[{"count":15,"href":"https:\/\/www.weinerlebenczipin.at\/wpc\/wp-json\/wp\/v2\/pages\/18\/revisions"}],"predecessor-version":[{"id":1447,"href":"https:\/\/www.weinerlebenczipin.at\/wpc\/wp-json\/wp\/v2\/pages\/18\/revisions\/1447"}],"wp:attachment":[{"href":"https:\/\/www.weinerlebenczipin.at\/wpc\/wp-json\/wp\/v2\/media?parent=18"}],"curies":[{"name":"wp","href":"https:\/\/api.w.org\/{rel}","templated":true}]}}